{"id":484,"date":"2020-12-07T11:56:59","date_gmt":"2020-12-07T09:56:59","guid":{"rendered":"https:\/\/fotokopirnicavolk.si\/wp\/?page_id=484"},"modified":"2025-12-04T07:56:55","modified_gmt":"2025-12-04T05:56:55","slug":"narocilo","status":"publish","type":"page","link":"https:\/\/fotokopirnicavolk.si\/wp\/","title":{"rendered":"Naro\u010dilo fotokopiranja"},"content":{"rendered":"\t\t<div data-elementor-type=\"wp-page\" data-elementor-id=\"484\" class=\"elementor elementor-484\">\n\t\t\t\t\t\t<section class=\"elementor-section elementor-top-section elementor-element elementor-element-2385e29 elementor-section-boxed elementor-section-height-default elementor-section-height-default\" data-id=\"2385e29\" data-element_type=\"section\">\n\t\t\t\t\t\t<div class=\"elementor-container elementor-column-gap-default\">\n\t\t\t\t\t<div class=\"elementor-column elementor-col-100 elementor-top-column elementor-element elementor-element-df636dc\" data-id=\"df636dc\" data-element_type=\"column\">\n\t\t\t<div class=\"elementor-widget-wrap elementor-element-populated\">\n\t\t\t\t\t\t<div class=\"elementor-element elementor-element-4c9cd1b elementor-widget elementor-widget-text-editor\" data-id=\"4c9cd1b\" data-element_type=\"widget\" data-widget_type=\"text-editor.default\">\n\t\t\t\t<div class=\"elementor-widget-container\">\n\t\t\t\t\t\t\t<p><span style=\"color: rgb(80, 84, 92); font-family: &quot;Open Sans&quot;, sans-serif;\">V najkraj\u0161em mo\u017enem \u010dasu vam razmno\u017eimo in uredimo ustrezno gradivo.<\/span><br><\/p>\t\t\t\t\t\t<\/div>\n\t\t\t\t<\/div>\n\t\t\t\t\t<\/div>\n\t\t<\/div>\n\t\t\t\t\t<\/div>\n\t\t<\/section>\n\t\t\t\t<section class=\"elementor-section elementor-top-section elementor-element elementor-element-4809eb4 elementor-section-boxed elementor-section-height-default elementor-section-height-default\" data-id=\"4809eb4\" data-element_type=\"section\">\n\t\t\t\t\t\t<div class=\"elementor-container elementor-column-gap-default\">\n\t\t\t\t\t<div class=\"elementor-column elementor-col-100 elementor-top-column elementor-element elementor-element-5fc4541\" data-id=\"5fc4541\" data-element_type=\"column\">\n\t\t\t<div class=\"elementor-widget-wrap elementor-element-populated\">\n\t\t\t\t\t\t<div class=\"elementor-element elementor-element-ba42f55 elementor-widget elementor-widget-text-editor\" data-id=\"ba42f55\" data-element_type=\"widget\" data-widget_type=\"text-editor.default\">\n\t\t\t\t<div class=\"elementor-widget-container\">\n\t\t\t\t\t\t\t<p>Storitve izvajamo tudi po va\u0161em spletnem\u00a0 naro\u010dilu. Ob vnosu ustreznih osebnih podatkov prilo\u017eite \u0161e datoteke in zapi\u0161ite va\u0161e \u017eelje pri obdelavi gradiva.\u00a0\u00a0<\/p>\t\t\t\t\t\t<\/div>\n\t\t\t\t<\/div>\n\t\t\t\t\t<\/div>\n\t\t<\/div>\n\t\t\t\t\t<\/div>\n\t\t<\/section>\n\t\t\t\t<section class=\"elementor-section elementor-top-section elementor-element elementor-element-4e29deb elementor-section-boxed elementor-section-height-default elementor-section-height-default\" data-id=\"4e29deb\" data-element_type=\"section\">\n\t\t\t\t\t\t<div class=\"elementor-container elementor-column-gap-default\">\n\t\t\t\t\t<div class=\"elementor-column elementor-col-100 elementor-top-column elementor-element elementor-element-f2279ae\" data-id=\"f2279ae\" data-element_type=\"column\">\n\t\t\t<div class=\"elementor-widget-wrap elementor-element-populated\">\n\t\t\t\t\t\t<div class=\"elementor-element elementor-element-3102cb0 elementor-widget elementor-widget-shortcode\" data-id=\"3102cb0\" data-element_type=\"widget\" data-widget_type=\"shortcode.default\">\n\t\t\t\t<div class=\"elementor-widget-container\">\n\t\t\t\t\t<div class=\"elementor-shortcode\">\n<div class=\"wpcf7 no-js\" id=\"wpcf7-f679-o1\" lang=\"sl-SI\" dir=\"ltr\">\n<div class=\"screen-reader-response\"><p role=\"status\" aria-live=\"polite\" aria-atomic=\"true\"><\/p> <ul><\/ul><\/div>\n<form action=\"\/wp\/wp-json\/wp\/v2\/pages\/484#wpcf7-f679-o1\" method=\"post\" class=\"wpcf7-form init cf7skins cf7s-berry-delight\" aria-label=\"Contact form\" novalidate=\"novalidate\" data-status=\"init\">\n<div style=\"display: none;\">\n<input type=\"hidden\" name=\"_wpcf7\" value=\"679\" \/>\n<input type=\"hidden\" name=\"_wpcf7_version\" value=\"5.9.6\" \/>\n<input type=\"hidden\" name=\"_wpcf7_locale\" value=\"sl_SI\" \/>\n<input type=\"hidden\" name=\"_wpcf7_unit_tag\" value=\"wpcf7-f679-o1\" \/>\n<input type=\"hidden\" name=\"_wpcf7_container_post\" value=\"0\" \/>\n<input type=\"hidden\" name=\"_wpcf7_posted_data_hash\" value=\"\" \/>\n<\/div>\n<fieldset>\n\t<legend>Naro\u010dilo storitve<\/legend>\n\t<ol>\n\t\t<li><label for=''> Ime in priimek <em class=\"cf7s-reqd\">*<\/em> <\/label><span class=\"wpcf7-form-control-wrap\" data-name=\"text-866\"><input size=\"40\" maxlength=\"80\" class=\"wpcf7-form-control wpcf7-text wpcf7-validates-as-required\" aria-required=\"true\" aria-invalid=\"false\" value=\"\" type=\"text\" name=\"text-866\" \/><\/span><\/li>\n\t\t<li><label for=''>E-po\u0161ta  <em class=\"cf7s-reqd\">*<\/em> <\/label><span class=\"wpcf7-form-control-wrap\" data-name=\"email-200\"><input size=\"40\" maxlength=\"80\" class=\"wpcf7-form-control wpcf7-email wpcf7-validates-as-required wpcf7-text wpcf7-validates-as-email\" aria-required=\"true\" aria-invalid=\"false\" value=\"\" type=\"email\" name=\"email-200\" \/><\/span><\/li>\n                <li><label for=''>Tefefon <em class=\"cf7s-reqd\">*<\/em> <\/label><span class=\"wpcf7-form-control-wrap\" data-name=\"tel\"><input size=\"40\" maxlength=\"80\" class=\"wpcf7-form-control wpcf7-tel wpcf7-validates-as-required wpcf7-text wpcf7-validates-as-tel\" aria-required=\"true\" aria-invalid=\"false\" value=\"\" type=\"tel\" name=\"tel\" \/><\/span><\/li>\n\t\t<li><label for=''> Sporo\u010dilo <em class=\"cf7s-reqd\">*<\/em> <\/label><span class=\"wpcf7-form-control-wrap\" data-name=\"textarea-612\"><textarea cols=\"40\" rows=\"10\" maxlength=\"400\" class=\"wpcf7-form-control wpcf7-textarea wpcf7-validates-as-required\" aria-required=\"true\" aria-invalid=\"false\" name=\"textarea-612\"><\/textarea><\/span><\/li>\n                 \n                 <li><label for=''> <em class=\"cf7s-reqd\">*<\/em> <\/label><span class=\"wpcf7-form-control-wrap\" data-name=\"upload-file-993\"><input size=\"40\" class=\"wpcf7-form-control wpcf7-drag-n-drop-file d-none\" aria-required=\"true\" aria-invalid=\"false\" type=\"file\" multiple=\"multiple\" data-name=\"upload-file-993\" data-limit=\"3000000\" data-id=\"679\" data-version=\"free version 1.3.9.2\" accept=\".\" \/><\/span><\/li>\n                 \n\t<\/ol>\n<\/fieldset>\n<input class=\"wpcf7-form-control wpcf7-submit has-spinner\" type=\"submit\" value=\"Po\u0161lji\" \/><div class=\"wpcf7-response-output\" aria-hidden=\"true\"><\/div>\n<\/form>\n<\/div>\n<\/div>\n\t\t\t\t<\/div>\n\t\t\t\t<\/div>\n\t\t\t\t\t<\/div>\n\t\t<\/div>\n\t\t\t\t\t<\/div>\n\t\t<\/section>\n\t\t\t\t<section class=\"elementor-section elementor-top-section elementor-element elementor-element-7a58ec8 elementor-section-boxed elementor-section-height-default elementor-section-height-default\" data-id=\"7a58ec8\" data-element_type=\"section\">\n\t\t\t\t\t\t<div class=\"elementor-container elementor-column-gap-default\">\n\t\t\t\t\t<div class=\"elementor-column elementor-col-100 elementor-top-column elementor-element elementor-element-723ae3e\" data-id=\"723ae3e\" data-element_type=\"column\">\n\t\t\t<div class=\"elementor-widget-wrap elementor-element-populated\">\n\t\t\t\t\t\t<div class=\"elementor-element elementor-element-5cbc7a8 elementor-widget elementor-widget-heading\" data-id=\"5cbc7a8\" data-element_type=\"widget\" data-widget_type=\"heading.default\">\n\t\t\t\t<div class=\"elementor-widget-container\">\n\t\t\t<h2 class=\"elementor-heading-title elementor-size-default\">Cenik storitev<\/h2>\t\t<\/div>\n\t\t\t\t<\/div>\n\t\t\t\t\t<\/div>\n\t\t<\/div>\n\t\t\t\t\t<\/div>\n\t\t<\/section>\n\t\t\t\t<section class=\"elementor-section elementor-top-section elementor-element elementor-element-bd46f06 elementor-section-boxed elementor-section-height-default elementor-section-height-default\" data-id=\"bd46f06\" data-element_type=\"section\">\n\t\t\t\t\t\t<div class=\"elementor-container elementor-column-gap-default\">\n\t\t\t\t\t<div class=\"elementor-column elementor-col-100 elementor-top-column elementor-element elementor-element-be5091b\" data-id=\"be5091b\" data-element_type=\"column\">\n\t\t\t<div class=\"elementor-widget-wrap elementor-element-populated\">\n\t\t\t\t\t\t<div class=\"elementor-element elementor-element-466798b elementor-widget-tablet__width-initial elementor-widget elementor-widget-accordion\" data-id=\"466798b\" data-element_type=\"widget\" data-widget_type=\"accordion.default\">\n\t\t\t\t<div class=\"elementor-widget-container\">\n\t\t\t\t\t<div class=\"elementor-accordion\">\n\t\t\t\t\t\t\t<div class=\"elementor-accordion-item\">\n\t\t\t\t\t<div id=\"elementor-tab-title-7381\" class=\"elementor-tab-title\" data-tab=\"1\" role=\"button\" aria-controls=\"elementor-tab-content-7381\" aria-expanded=\"false\">\n\t\t\t\t\t\t\t\t\t\t\t\t\t<span class=\"elementor-accordion-icon elementor-accordion-icon-left\" aria-hidden=\"true\">\n\t\t\t\t\t\t\t\t\t\t\t\t\t\t\t<span class=\"elementor-accordion-icon-closed\"><i class=\"far fa-bell\"><\/i><\/span>\n\t\t\t\t\t\t\t\t<span class=\"elementor-accordion-icon-opened\"><i class=\"fas fa-print\"><\/i><\/span>\n\t\t\t\t\t\t\t\t\t\t\t\t\t\t<\/span>\n\t\t\t\t\t\t\t\t\t\t\t\t<a class=\"elementor-accordion-title\" tabindex=\"0\">Fotokopiranje \u010cB<\/a>\n\t\t\t\t\t<\/div>\n\t\t\t\t\t<div id=\"elementor-tab-content-7381\" class=\"elementor-tab-content elementor-clearfix\" data-tab=\"1\" role=\"region\" aria-labelledby=\"elementor-tab-title-7381\"><ul><li>Fotokopija A4 ena stran &#8211; 0,09\u20ac<\/li><li>Fotokopija A4 obe strani &#8211; 0,18\u20ac<\/li><li>Fotokopija A3 ena stran &#8211; 0,18\u20ac<\/li><li>Fotokopija A3 obe strani &#8211; 0,36\u20ac<\/li><li>Fotokopija A4 na prosojnico &#8211; 0,65\u20ac<\/li><li>Fotokopija A4 ena stran barvni papir &#8211; 0,15\u20ac<\/li><li>Fotokopija A3 ena stran barvni papir &#8211; 0,30\u20ac<\/li><li>Fotokopija A4 na 100g papir &#8211; 0,15\u20ac<\/li><li>Fotokopija A4 na karton 160 g &#8211; 0,25\u20ac<\/li><li>Fotokopija A4 na karton 200 g &#8211; 0,35\u20ac<\/li><li>Fotokopija A4 na karton 250 g 0,45\u20ac<\/li><li>Fotokopija A4 na karton 300 g 0,55\u20ac<\/li><li>Fotokopija A4 na karton 350 g 0,65\u20ac<\/li><li>Fotokopija A4 ena stran polna pokritost 0,15 \u20ac<\/li><li>Fotokopija A3 ena stran polna pokritost 0,30 \u20ac<\/li><li>Fotokopija A3 ena stran na karton 160 g 0,50 \u20ac<\/li><li>Fotokopija A3 ena stran na karton 250 g 0,90 \u20ac<\/li><li>Fotokopija A3 na karton 300 g &#8211; 1,10\u00a0\u20ac<\/li><li>Fotokopija A3 na karton 350 g &#8211; 1,20 \u20ac<\/li><li>Fotokopija SRA3 ena stran na karton 160 g &#8211; 0,50 \u20ac<\/li><li>Fotokopija ena stran 33 \u00d7 66 cm na karton 160 g &#8211; 1,00 \u20ac<\/li><\/ul><\/div>\n\t\t\t\t<\/div>\n\t\t\t\t\t\t\t<div class=\"elementor-accordion-item\">\n\t\t\t\t\t<div id=\"elementor-tab-title-7382\" class=\"elementor-tab-title\" data-tab=\"2\" role=\"button\" aria-controls=\"elementor-tab-content-7382\" aria-expanded=\"false\">\n\t\t\t\t\t\t\t\t\t\t\t\t\t<span class=\"elementor-accordion-icon elementor-accordion-icon-left\" aria-hidden=\"true\">\n\t\t\t\t\t\t\t\t\t\t\t\t\t\t\t<span class=\"elementor-accordion-icon-closed\"><i class=\"far fa-bell\"><\/i><\/span>\n\t\t\t\t\t\t\t\t<span class=\"elementor-accordion-icon-opened\"><i class=\"fas fa-print\"><\/i><\/span>\n\t\t\t\t\t\t\t\t\t\t\t\t\t\t<\/span>\n\t\t\t\t\t\t\t\t\t\t\t\t<a class=\"elementor-accordion-title\" tabindex=\"0\">Fotokopiranje barvno<\/a>\n\t\t\t\t\t<\/div>\n\t\t\t\t\t<div id=\"elementor-tab-content-7382\" class=\"elementor-tab-content elementor-clearfix\" data-tab=\"2\" role=\"region\" aria-labelledby=\"elementor-tab-title-7382\"><p>Fotokopija A4 ena stran &#8211; od 0,30 do 0,50 \u20ac<\/p><ul><li>Fotokopija A3 ena stran &#8211; od 0,60 do 1,00 \u20ac<br \/>Fotokopija A4 na karton 160 g &#8211; od 0,45 do 0,85 \u20ac<br \/>Fotokopija A4 na karton 200 g &#8211; od 0,50 do 0,95 \u20ac<\/li><li>Fotokopija A4 na karton 250 g &#8211; od 0,65 do 1,10 \u20ac<\/li><li>Fotokopija A4 na karton 300 g &#8211; od 0,75 do 1,20 \u20ac<\/li><li>Fotokopija A4 na prosojnico &#8211; 0,85 \u20ac<\/li><li>Fotokopija A3 na karton 160 g &#8211; 0,90 do 1,60 \u20ac<\/li><li>Fotokopija A3 na karton 250 g &#8211; 1,30 do 1,80 \u20ac<\/li><li>Fotokopija A3 na karton 300 g &#8211; 1,50 do 2,00 \u20ac<\/li><li>Fotokopija A3 na karton 350 g &#8211; 1,70 do 2,20 \u20ac<\/li><li>Fotokopija SRA3 ena stran na karton 160 g &#8211; 0,90 do 1,30 \u20ac<\/li><li>Fotokopija ena stran 33 \u00d7 66 cm na karton 160 g &#8211; 1,70 do 2,50 \u20ac<\/li><\/ul><\/div>\n\t\t\t\t<\/div>\n\t\t\t\t\t\t\t<div class=\"elementor-accordion-item\">\n\t\t\t\t\t<div id=\"elementor-tab-title-7383\" class=\"elementor-tab-title\" data-tab=\"3\" role=\"button\" aria-controls=\"elementor-tab-content-7383\" aria-expanded=\"false\">\n\t\t\t\t\t\t\t\t\t\t\t\t\t<span class=\"elementor-accordion-icon elementor-accordion-icon-left\" aria-hidden=\"true\">\n\t\t\t\t\t\t\t\t\t\t\t\t\t\t\t<span class=\"elementor-accordion-icon-closed\"><i class=\"far fa-bell\"><\/i><\/span>\n\t\t\t\t\t\t\t\t<span class=\"elementor-accordion-icon-opened\"><i class=\"fas fa-print\"><\/i><\/span>\n\t\t\t\t\t\t\t\t\t\t\t\t\t\t<\/span>\n\t\t\t\t\t\t\t\t\t\t\t\t<a class=\"elementor-accordion-title\" tabindex=\"0\">Vezave<\/a>\n\t\t\t\t\t<\/div>\n\t\t\t\t\t<div id=\"elementor-tab-content-7383\" class=\"elementor-tab-content elementor-clearfix\" data-tab=\"3\" role=\"region\" aria-labelledby=\"elementor-tab-title-7383\"><table><tbody><tr><td><ol><li>VEZAVA FOTOKOPIJ V SPIRALO A4<\/li><\/ol><ul><li>0,6 cm in 0,9 cm &#8211; 1.10 \u20ac<\/li><li>1,0 cm in 1,4 cm &#8211; 1.35 \u20ac<\/li><li>1,6 cm in 1,9 cm &#8211; 1.60 \u20ac<\/li><li>2,0 cm in 3,0 cm &#8211; 1.85 \u20ac<\/li><li>3,1 cm in 5,0 cm &#8211; 2.60 \u20ac<\/li><\/ul><\/td><\/tr><tr><td><p><em style=\"background-color: transparent;\">3. VEZAVA COIL A4<\/em><\/p><ul><li><em>0,6 do 1,40 cm &#8211; 2.20 \u20ac<\/em><\/li><li><em>1,60 do 2,00 cm &#8211; 2.70 \u20ac<\/em><\/li><li><em>2,20 do 3,00 cm &#8211; 3.20 \u20ac<\/em><\/li><\/ul><\/td><\/tr><tr><td><p>4. VEZAVA FOTOKOPIJ V SPIRALO A3<\/p><ul><li>0,6 cm in 0,9 cm &#8211; 2.20 \u20ac<\/li><li>1,0 cm in\u00a0 1,4 cm &#8211; 2,70 \u20ac<\/li><li>1,6 cm in 1,9 cm &#8211; 3.20 \u20ac<\/li><li>2,0 cm in 3,0 cm &#8211; 3.70 \u20ac<\/li><li>3,1 cm in 5,0 cm &#8211; 5.20 \u20ac<\/li><\/ul><p>5. VEZAVA COIL A3<\/p><ul><li>1,00 do 1,40 mm &#8211; 4.40 \u20ac<\/li><li>1,60 do 2,00 mm &#8211; 5.40 \u20ac<\/li><li>2,20 do 3,00 mm &#8211; 6.40 \u20ac<\/li><\/ul><\/td><\/tr><\/tbody><\/table><\/div>\n\t\t\t\t<\/div>\n\t\t\t\t\t\t\t<div class=\"elementor-accordion-item\">\n\t\t\t\t\t<div id=\"elementor-tab-title-7384\" class=\"elementor-tab-title\" data-tab=\"4\" role=\"button\" aria-controls=\"elementor-tab-content-7384\" aria-expanded=\"false\">\n\t\t\t\t\t\t\t\t\t\t\t\t\t<span class=\"elementor-accordion-icon elementor-accordion-icon-left\" aria-hidden=\"true\">\n\t\t\t\t\t\t\t\t\t\t\t\t\t\t\t<span class=\"elementor-accordion-icon-closed\"><i class=\"far fa-bell\"><\/i><\/span>\n\t\t\t\t\t\t\t\t<span class=\"elementor-accordion-icon-opened\"><i class=\"fas fa-print\"><\/i><\/span>\n\t\t\t\t\t\t\t\t\t\t\t\t\t\t<\/span>\n\t\t\t\t\t\t\t\t\t\t\t\t<a class=\"elementor-accordion-title\" tabindex=\"0\">Plastificiranje<\/a>\n\t\t\t\t\t<\/div>\n\t\t\t\t\t<div id=\"elementor-tab-content-7384\" class=\"elementor-tab-content elementor-clearfix\" data-tab=\"4\" role=\"region\" aria-labelledby=\"elementor-tab-title-7384\"><ul><li>A5 125 MICRON: 0.90 \u20ac<\/li><li>A4 125 MICRON: 1.50 \u20ac<\/li><li>A3 125 MICRON: 2,00 \u20ac<\/li><li>PRIPRAVA PLASTIFIKATORJA &#8211; 1,00 \u20ac<\/li><li>PLASTIFICIRATI JE MO\u017dNO TUDI MANJ\u0160E FORMATE<\/li><\/ul><\/div>\n\t\t\t\t<\/div>\n\t\t\t\t\t\t\t<div class=\"elementor-accordion-item\">\n\t\t\t\t\t<div id=\"elementor-tab-title-7385\" class=\"elementor-tab-title\" data-tab=\"5\" role=\"button\" aria-controls=\"elementor-tab-content-7385\" aria-expanded=\"false\">\n\t\t\t\t\t\t\t\t\t\t\t\t\t<span class=\"elementor-accordion-icon elementor-accordion-icon-left\" aria-hidden=\"true\">\n\t\t\t\t\t\t\t\t\t\t\t\t\t\t\t<span class=\"elementor-accordion-icon-closed\"><i class=\"far fa-bell\"><\/i><\/span>\n\t\t\t\t\t\t\t\t<span class=\"elementor-accordion-icon-opened\"><i class=\"fas fa-print\"><\/i><\/span>\n\t\t\t\t\t\t\t\t\t\t\t\t\t\t<\/span>\n\t\t\t\t\t\t\t\t\t\t\t\t<a class=\"elementor-accordion-title\" tabindex=\"0\">Skeniranje<\/a>\n\t\t\t\t\t<\/div>\n\t\t\t\t\t<div id=\"elementor-tab-content-7385\" class=\"elementor-tab-content elementor-clearfix\" data-tab=\"5\" role=\"region\" aria-labelledby=\"elementor-tab-title-7385\"><ul><li>A4 ali A3 barvno ali \u010drno-belo &#8211; 0,35 \u20ac<\/li><li>Mapa z mehanizmom &#8211; 0,80 \u20ac<\/li><li>Samolepilna nalepka \u010cB &#8211; 0,60 \u20ac<\/li><li>Samolepilna nalepka barvna &#8211; 1,00 \u20ac<\/li><\/ul><\/div>\n\t\t\t\t<\/div>\n\t\t\t\t\t\t\t<div class=\"elementor-accordion-item\">\n\t\t\t\t\t<div id=\"elementor-tab-title-7386\" class=\"elementor-tab-title\" data-tab=\"6\" role=\"button\" aria-controls=\"elementor-tab-content-7386\" aria-expanded=\"false\">\n\t\t\t\t\t\t\t\t\t\t\t\t\t<span class=\"elementor-accordion-icon elementor-accordion-icon-left\" aria-hidden=\"true\">\n\t\t\t\t\t\t\t\t\t\t\t\t\t\t\t<span class=\"elementor-accordion-icon-closed\"><i class=\"far fa-bell\"><\/i><\/span>\n\t\t\t\t\t\t\t\t<span class=\"elementor-accordion-icon-opened\"><i class=\"fas fa-print\"><\/i><\/span>\n\t\t\t\t\t\t\t\t\t\t\t\t\t\t<\/span>\n\t\t\t\t\t\t\t\t\t\t\t\t<a class=\"elementor-accordion-title\" tabindex=\"0\">Ostale storitve<\/a>\n\t\t\t\t\t<\/div>\n\t\t\t\t\t<div id=\"elementor-tab-content-7386\" class=\"elementor-tab-content elementor-clearfix\" data-tab=\"6\" role=\"region\" aria-labelledby=\"elementor-tab-title-7386\"><ul><li>RE\u017dIJSKA URA (lepljenje, rezanje, monta\u017ea, mapiranje): 15,00 \u20ac<\/li><li>RE\u017dIJSKA URA (ra\u010dunalni\u0161ko oblikovanje in urejanje): 20,00 \u20ac<\/li><li>MAPIRANJE (formatiranje, zlaganje, urejanje): 3,00 \u20ac<\/li><li>PREPISOVANJE IN OBLIKOVANJE\u00a0 A4 STRAN:\u00a0 4,00 \u20ac<\/li><li>Drobna dela (razrez, luknjanje, obrez,&#8230;): 2,00 \u20ac<\/li><\/ul><\/div>\n\t\t\t\t<\/div>\n\t\t\t\t\t\t\t\t<\/div>\n\t\t\t\t<\/div>\n\t\t\t\t<\/div>\n\t\t\t\t\t<\/div>\n\t\t<\/div>\n\t\t\t\t\t<\/div>\n\t\t<\/section>\n\t\t\t\t<\/div>\n\t\t","protected":false},"excerpt":{"rendered":"<p>V najkraj\u0161em mo\u017enem \u010dasu vam razmno\u017eimo in uredimo ustrezno gradivo. Storitve izvajamo tudi po va\u0161em spletnem\u00a0 naro\u010dilu. Ob vnosu ustreznih osebnih podatkov prilo\u017eite \u0161e datoteke in zapi\u0161ite va\u0161e \u017eelje pri obdelavi gradiva.\u00a0\u00a0 Cenik storitev Fotokopiranje[&#8230;]<\/p>\n","protected":false},"author":1,"featured_media":0,"parent":0,"menu_order":0,"comment_status":"closed","ping_status":"closed","template":"","meta":{"footnotes":""},"yoast_head":"<!-- This site is optimized with the Yoast SEO plugin v15.4 - https:\/\/yoast.com\/wordpress\/plugins\/seo\/ -->\n<title>Naro\u010dilo fotokopiranja | Fotokopirnica Volk<\/title>\n<meta name=\"description\" content=\"Storitve na\u0161e fotokopirnice lahko opravite tudi po spletu z spletnim obrazcem...\" \/>\n<meta name=\"robots\" content=\"index, follow, max-snippet:-1, max-image-preview:large, max-video-preview:-1\" \/>\n<link rel=\"canonical\" href=\"https:\/\/fotokopirnicavolk.si\/wp\/\" \/>\n<meta property=\"og:locale\" content=\"sl_SI\" \/>\n<meta property=\"og:type\" content=\"article\" \/>\n<meta property=\"og:title\" content=\"Storitve na\u0161e fotokopirnice lahko opravite tudi po spletu z spletnim obrazcem...\" \/>\n<meta property=\"og:description\" content=\"Storitve na\u0161e fotokopirnice lahko opravite tudi po spletu z spletnim obrazcem...\" \/>\n<meta property=\"og:url\" content=\"https:\/\/fotokopirnicavolk.si\/wp\/\" \/>\n<meta property=\"og:site_name\" content=\"Fotokopirnica Volk\" \/>\n<meta property=\"article:modified_time\" content=\"2025-12-04T05:56:55+00:00\" \/>\n<meta name=\"twitter:card\" content=\"summary_large_image\" \/>\n<meta name=\"twitter:label1\" content=\"Written by\">\n\t<meta name=\"twitter:data1\" content=\"admin@fotokopirnicavolk.si\">\n\t<meta name=\"twitter:label2\" content=\"Est. reading time\">\n\t<meta name=\"twitter:data2\" content=\"1 minuta\">\n<script type=\"application\/ld+json\" class=\"yoast-schema-graph\">{\"@context\":\"https:\/\/schema.org\",\"@graph\":[{\"@type\":\"Organization\",\"@id\":\"https:\/\/fotokopirnicavolk.si\/wp\/#organization\",\"name\":\"Fotokopirnica Volk Kr\\u0161ko\",\"url\":\"https:\/\/fotokopirnicavolk.si\/wp\/\",\"sameAs\":[],\"logo\":{\"@type\":\"ImageObject\",\"@id\":\"https:\/\/fotokopirnicavolk.si\/wp\/#logo\",\"inLanguage\":\"sl-SI\",\"url\":\"https:\/\/fotokopirnicavolk.si\/wp\/wp-content\/uploads\/2019\/08\/logo.png\",\"width\":160,\"height\":77,\"caption\":\"Fotokopirnica Volk Kr\\u0161ko\"},\"image\":{\"@id\":\"https:\/\/fotokopirnicavolk.si\/wp\/#logo\"}},{\"@type\":\"WebSite\",\"@id\":\"https:\/\/fotokopirnicavolk.si\/wp\/#website\",\"url\":\"https:\/\/fotokopirnicavolk.si\/wp\/\",\"name\":\"Fotokopirnica Volk\",\"description\":\"Moja fotokopirnica v Kr\\u0161kem\",\"publisher\":{\"@id\":\"https:\/\/fotokopirnicavolk.si\/wp\/#organization\"},\"potentialAction\":[{\"@type\":\"SearchAction\",\"target\":\"https:\/\/fotokopirnicavolk.si\/wp\/?s={search_term_string}\",\"query-input\":\"required name=search_term_string\"}],\"inLanguage\":\"sl-SI\"},{\"@type\":\"WebPage\",\"@id\":\"https:\/\/fotokopirnicavolk.si\/wp\/#webpage\",\"url\":\"https:\/\/fotokopirnicavolk.si\/wp\/\",\"name\":\"Naro\\u010dilo fotokopiranja | Fotokopirnica Volk\",\"isPartOf\":{\"@id\":\"https:\/\/fotokopirnicavolk.si\/wp\/#website\"},\"datePublished\":\"2020-12-07T09:56:59+00:00\",\"dateModified\":\"2025-12-04T05:56:55+00:00\",\"description\":\"Storitve na\\u0161e fotokopirnice lahko opravite tudi po spletu z spletnim obrazcem...\",\"inLanguage\":\"sl-SI\",\"potentialAction\":[{\"@type\":\"ReadAction\",\"target\":[\"https:\/\/fotokopirnicavolk.si\/wp\/\"]}]}]}<\/script>\n<!-- \/ Yoast SEO plugin. -->","_links":{"self":[{"href":"https:\/\/fotokopirnicavolk.si\/wp\/wp-json\/wp\/v2\/pages\/484"}],"collection":[{"href":"https:\/\/fotokopirnicavolk.si\/wp\/wp-json\/wp\/v2\/pages"}],"about":[{"href":"https:\/\/fotokopirnicavolk.si\/wp\/wp-json\/wp\/v2\/types\/page"}],"author":[{"embeddable":true,"href":"https:\/\/fotokopirnicavolk.si\/wp\/wp-json\/wp\/v2\/users\/1"}],"replies":[{"embeddable":true,"href":"https:\/\/fotokopirnicavolk.si\/wp\/wp-json\/wp\/v2\/comments?post=484"}],"version-history":[{"count":60,"href":"https:\/\/fotokopirnicavolk.si\/wp\/wp-json\/wp\/v2\/pages\/484\/revisions"}],"predecessor-version":[{"id":684,"href":"https:\/\/fotokopirnicavolk.si\/wp\/wp-json\/wp\/v2\/pages\/484\/revisions\/684"}],"wp:attachment":[{"href":"https:\/\/fotokopirnicavolk.si\/wp\/wp-json\/wp\/v2\/media?parent=484"}],"curies":[{"name":"wp","href":"https:\/\/api.w.org\/{rel}","templated":true}]}}